{"id":8,"date":"2008-10-21T14:00:56","date_gmt":"2008-10-21T12:00:56","guid":{"rendered":"http:\/\/www.rogntudjuuu.be\/japon2009\/?page_id=8"},"modified":"2010-11-29T10:03:02","modified_gmt":"2010-11-29T08:03:02","slug":"8","status":"publish","type":"page","link":"https:\/\/www.rogntudjuuu.be\/japon2009\/?page_id=8","title":{"rendered":"."},"content":{"rendered":"<p>Comme d&rsquo;habitude, ici, vous trouverez des infos concernant les aspects pratico-pratiques de l&rsquo;organisation du voyage (co\u00fbts, interm\u00e9diaires, h\u00f4tels, etc.)<\/p>\n<p>Aujourd&rsquo;hui (03\/07\/09), 1 Euro permet d&rsquo;acheter 134 Yens; 100 Yens valent donc 0,74 Euro.<\/p>\n<p>Les tickets d&rsquo;avion ont \u00e9t\u00e9 achet\u00e9s fin septembre 2008 sur le site web d&rsquo;<a href=\"http:\/\/www.airfrance.be\" target=\"_blank\">Air France<\/a> et co\u00fbtent 1058\u20ac\/pax (Bruxelles-Midi &#8211; Charles de Gaulle &#8211; Tokyo et retour). A ce propos, si j&rsquo;avais attendu jusqu&rsquo;\u00e0 il y a quelques jours, chaque billet n&rsquo;aurait co\u00fbt\u00e9 que 417\u20ac\/pax&#8230; aller-retour (D\u00e9gout\u00e9!)<\/p>\n<p>Les <a href=\"http:\/\/www.japanrailpass.net\/\" target=\"_blank\">Japan Rail Pass<\/a> (14 jours) ont \u00e9t\u00e9 achet\u00e9s chez <a href=\"http:\/\/www.ictam.com\" target=\"_blank\">Ictam<\/a> au prix de 342\u20ac\/pax (frais de dossier inclus \ud83d\ude09 )<\/p>\n<p>Les premi\u00e8res nuits d&rsquo;h\u00f4tel ont \u00e9t\u00e9 r\u00e9serv\u00e9es, toujours sur base des avis laiss\u00e9s sur <a href=\"http:\/\/www.tripadvisor.fr\" target=\"_blank\">Tripadvisor<\/a>:<\/p>\n<p>&#8211; <a href=\"http:\/\/www.princehotels.com\/en\/parktower\/#header\" target=\"_blank\">Prince Park Tower, Tokyo<\/a>, 09 &gt; 13\/07 et 23 &gt; 25\/07<br \/>\n&#8211; <a href=\"http:\/\/www1.hilton.com\/fr\/hi\/hotel\/NAGHITW-Hilton-Nagoya-hotel\/index.do\" target=\"_blank\">Hilton, Nagoya<\/a>, 13 &gt; 15\/07<br \/>\n&#8211; <a href=\"http:\/\/www.starwoodhotels.com\/westin\/property\/overview\/index.html?propertyID=1427\" target=\"_blank\">Westin Miyako, Kyoto<\/a>, 15 &gt; 20\/07<br \/>\n&#8211; <a href=\"http:\/\/www.gambo-ad.com\/miyajima\/english\/hotel\/momiji-so\/info.htm\" target=\"_blank\">Ryokan Momiji-So<\/a><a href=\"http:\/\/www.gambo-ad.com\/miyajima\/english\/hotel\/momiji-so\/info.htm\" target=\"_blank\">, Miyajima<\/a>, 20 &gt; 21\/07<br \/>\n&#8211; <a href=\"http:\/\/www.anacrowneplaza-hiroshima.jp\/en\/\" target=\"_blank\">Ana Crowne Plaza, Hiroshima<\/a>, 21 &gt; 22\/07<br \/>\n&#8211; <a href=\"http:\/\/www.westin-osaka.co.jp\" target=\"_blank\">Westin Osaka, Osaka<\/a>, 22 &gt; 23\/07<\/p>\n<p>Nos <a href=\"http:\/\/www.tripadvisor.fr\/members-reviews\/Bennybuche\" target=\"_blank\">critiques<\/a> concernant les h\u00f4tels visit\u00e9s \ud83d\ude09<\/p>\n<p>Sur place:<\/p>\n<p>&#8211; une petite bouteille d&rsquo;eau dans un distributeur ou au combini: 100 \u00e0 120 JPY;<br \/>\n&#8211; le trajet en train Narita-Tokyo: 2990 JPY;<br \/>\n&#8211; un ticket de m\u00e9tro ou de bus environ 160-210 JPY pour un trajet;<br \/>\n&#8211; un repas avec boisson: 1000 \u00e0 1500 JPY\/pax;<br \/>\n&#8211; une pitta: 500 JPY (100 JPY la boisson);<br \/>\n&#8211; une conso au Stellar Lounge: min 1200 JPY (jus ou bi\u00e8re)&#8230; plus la \u00ab\u00a0place\u00a0\u00bb \u00e0 500 JPY :\/<\/p>\n<p>&#8211; un timbre: 70 JPY pour une carte postale et 110 pour une lettre;<br \/>\n&#8211; un couteau avec lame c\u00e9ramique Kyocera: 2995 JPY;<\/p>\n<p>&#8211; une bi\u00e8re 150 \u00e0 300 JPY;<br \/>\n&#8211; un taxi \u00e0 Nagoya moins de 800 JPY;<br \/>\n&#8211; un t-shirt: entre 1000 et 2500 JPY;<br \/>\n&#8211; une place pour le championnat de sumo: 4700 JPY;<\/p>\n<p>&#8211; un resto copieux le soir: 4000 \u00e0 7000 JPY pour deux;<br \/>\n&#8211; &#8230;<\/p>\n<p>[Edit du 28\/07\/2009] En d\u00e9finitive, une premi\u00e8re estimation du co\u00fbt total du voyage tel qu&rsquo;il est d\u00e9crit dans ce blog serait d&rsquo;un peu plus de 3600 Eur\/pers.<\/p>\n","protected":false},"excerpt":{"rendered":"<p>Comme d&rsquo;habitude, ici, vous trouverez des infos concernant les aspects pratico-pratiques de l&rsquo;organisation du voyage (co\u00fbts, interm\u00e9diaires, h\u00f4tels, etc.) Aujourd&rsquo;hui (03\/07\/09), 1 Euro permet d&rsquo;acheter 134 Yens; 100 Yens valent donc 0,74 Euro. Les tickets d&rsquo;avion ont \u00e9t\u00e9 achet\u00e9s fin septembre 2008 sur le site web d&rsquo;Air France et co\u00fbtent 1058\u20ac\/pax (Bruxelles-Midi &#8211; Charles de [&hellip;]<\/p>\n","protected":false},"author":1,"featured_media":0,"parent":0,"menu_order":0,"comment_status":"closed","ping_status":"closed","template":"","meta":{"footnotes":""},"class_list":["post-8","page","type-page","status-publish","hentry"],"_links":{"self":[{"href":"https:\/\/www.rogntudjuuu.be\/japon2009\/index.php?rest_route=\/wp\/v2\/pages\/8","targetHints":{"allow":["GET"]}}],"collection":[{"href":"https:\/\/www.rogntudjuuu.be\/japon2009\/index.php?rest_route=\/wp\/v2\/pages"}],"about":[{"href":"https:\/\/www.rogntudjuuu.be\/japon2009\/index.php?rest_route=\/wp\/v2\/types\/page"}],"author":[{"embeddable":true,"href":"https:\/\/www.rogntudjuuu.be\/japon2009\/index.php?rest_route=\/wp\/v2\/users\/1"}],"replies":[{"embeddable":true,"href":"https:\/\/www.rogntudjuuu.be\/japon2009\/index.php?rest_route=%2Fwp%2Fv2%2Fcomments&post=8"}],"version-history":[{"count":29,"href":"https:\/\/www.rogntudjuuu.be\/japon2009\/index.php?rest_route=\/wp\/v2\/pages\/8\/revisions"}],"predecessor-version":[{"id":558,"href":"https:\/\/www.rogntudjuuu.be\/japon2009\/index.php?rest_route=\/wp\/v2\/pages\/8\/revisions\/558"}],"wp:attachment":[{"href":"https:\/\/www.rogntudjuuu.be\/japon2009\/index.php?rest_route=%2Fwp%2Fv2%2Fmedia&parent=8"}],"curies":[{"name":"wp","href":"https:\/\/api.w.org\/{rel}","templated":true}]}}