{"id":2,"date":"2008-10-21T13:05:08","date_gmt":"2008-10-21T11:05:08","guid":{"rendered":"http:\/\/www.rogntudjuuu.be\/japon2009\/?page_id=2"},"modified":"2010-11-29T10:03:15","modified_gmt":"2010-11-29T08:03:15","slug":"a-propos","status":"publish","type":"page","link":"https:\/\/www.rogntudjuuu.be\/japon2009\/?page_id=2","title":{"rendered":"\u00c0 propos"},"content":{"rendered":"<p>Blog de voyage de Marie et Beno\u00eet au Japon, \u00e9t\u00e9 2009.<\/p>\n<p>Merci \u00e0 tous ceux qui ont attis\u00e9, par leurs r\u00e9cits et leurs photos, notre d\u00e9sir de nous y rendre:<br \/>\n&#8211; Martine POISSEROUX<br \/>\n&#8211; Emile GORIS<br \/>\n&#8211; Paul et Dominique KELCHTERMANS<br \/>\net surtout pour leurs pr\u00e9cieux conseils&#8230;<\/p>\n","protected":false},"excerpt":{"rendered":"<p>Blog de voyage de Marie et Beno\u00eet au Japon, \u00e9t\u00e9 2009. Merci \u00e0 tous ceux qui ont attis\u00e9, par leurs r\u00e9cits et leurs photos, notre d\u00e9sir de nous y rendre: &#8211; Martine POISSEROUX &#8211; Emile GORIS &#8211; Paul et Dominique KELCHTERMANS et surtout pour leurs pr\u00e9cieux conseils&#8230;<\/p>\n","protected":false},"author":1,"featured_media":0,"parent":0,"menu_order":0,"comment_status":"closed","ping_status":"closed","template":"","meta":{"footnotes":""},"class_list":["post-2","page","type-page","status-publish","hentry"],"_links":{"self":[{"href":"https:\/\/www.rogntudjuuu.be\/japon2009\/index.php?rest_route=\/wp\/v2\/pages\/2","targetHints":{"allow":["GET"]}}],"collection":[{"href":"https:\/\/www.rogntudjuuu.be\/japon2009\/index.php?rest_route=\/wp\/v2\/pages"}],"about":[{"href":"https:\/\/www.rogntudjuuu.be\/japon2009\/index.php?rest_route=\/wp\/v2\/types\/page"}],"author":[{"embeddable":true,"href":"https:\/\/www.rogntudjuuu.be\/japon2009\/index.php?rest_route=\/wp\/v2\/users\/1"}],"replies":[{"embeddable":true,"href":"https:\/\/www.rogntudjuuu.be\/japon2009\/index.php?rest_route=%2Fwp%2Fv2%2Fcomments&post=2"}],"version-history":[{"count":5,"href":"https:\/\/www.rogntudjuuu.be\/japon2009\/index.php?rest_route=\/wp\/v2\/pages\/2\/revisions"}],"predecessor-version":[{"id":26,"href":"https:\/\/www.rogntudjuuu.be\/japon2009\/index.php?rest_route=\/wp\/v2\/pages\/2\/revisions\/26"}],"wp:attachment":[{"href":"https:\/\/www.rogntudjuuu.be\/japon2009\/index.php?rest_route=%2Fwp%2Fv2%2Fmedia&parent=2"}],"curies":[{"name":"wp","href":"https:\/\/api.w.org\/{rel}","templated":true}]}}